{"id":350,"date":"2020-06-16T10:15:02","date_gmt":"2020-06-16T10:15:02","guid":{"rendered":"http:\/\/testseite.tanzmanagement.net\/?page_id=350"},"modified":"2023-01-30T14:19:36","modified_gmt":"2023-01-30T14:19:36","slug":"angebote","status":"publish","type":"page","link":"https:\/\/tanzmanagement.net\/?page_id=350","title":{"rendered":"Angebote"},"content":{"rendered":"<p>[et_pb_section fb_built=&#8220;1&#8243; admin_label=&#8220;Hero Section&#8220; _builder_version=&#8220;4.19.1&#8243; use_background_color_gradient=&#8220;on&#8220; background_color_gradient_direction=&#8220;317deg&#8220; background_color_gradient_stops=&#8220;#000000 5%|rgba(0,0,0,0) 100%&#8220; background_color_gradient_overlays_image=&#8220;on&#8220; background_color_gradient_start=&#8220;#000000&#8243; background_color_gradient_start_position=&#8220;5%&#8220; background_color_gradient_end=&#8220;rgba(0,0,0,0)&#8220; background_image=&#8220;https:\/\/tanzmanagement.net\/wp-content\/uploads\/2020\/06\/Solographie\u00a9Gert_Weigelt_schmal.jpg&#8220; custom_margin=&#8220;|||&#8220; custom_padding=&#8220;0%||17.9%|||&#8220; global_colors_info=&#8220;{}&#8220;][et_pb_row _builder_version=&#8220;4.16&#8243; background_size=&#8220;initial&#8220; background_position=&#8220;top_left&#8220; background_repeat=&#8220;repeat&#8220; global_colors_info=&#8220;{}&#8220;][et_pb_column type=&#8220;4_4&#8243; _builder_version=&#8220;4.16&#8243; custom_padding=&#8220;|||&#8220; global_colors_info=&#8220;{}&#8220; custom_padding__hover=&#8220;|||&#8220;][et_pb_image src=&#8220;http:\/\/testseite.tanzmanagement.net\/wp-content\/uploads\/2020\/06\/Angebot.png&#8220; title_text=&#8220;Angebot&#8220; force_fullwidth=&#8220;on&#8220; _builder_version=&#8220;4.16&#8243; custom_padding=&#8220;130px|||||&#8220; global_colors_info=&#8220;{}&#8220;][\/et_pb_image][\/et_pb_column][\/et_pb_row][\/et_pb_section][et_pb_section fb_built=&#8220;1&#8243; admin_label=&#8220;Gallery Section&#8220; _builder_version=&#8220;4.16&#8243; background_color=&#8220;#939192&#8243; max_width=&#8220;88%&#8220; module_alignment=&#8220;right&#8220; custom_margin=&#8220;-4%|||&#8220; custom_padding=&#8220;0px||0px|&#8220; animation_style=&#8220;slide&#8220; animation_direction=&#8220;right&#8220; animation_intensity_slide=&#8220;2%&#8220; animation_starting_opacity=&#8220;100%&#8220; box_shadow_style=&#8220;preset3&#8243; box_shadow_vertical=&#8220;80px&#8220; box_shadow_blur=&#8220;120px&#8220; box_shadow_spread=&#8220;-60px&#8220; box_shadow_color=&#8220;rgba(63,63,31,0.3)&#8220; global_colors_info=&#8220;{}&#8220;][et_pb_row column_structure=&#8220;1_4,1_4,1_4,1_4&#8243; use_custom_gutter=&#8220;on&#8220; gutter_width=&#8220;1&#8243; make_equal=&#8220;on&#8220; module_class=&#8220; et_pb_row_fullwidth&#8220; _builder_version=&#8220;4.16&#8243; width=&#8220;100%&#8220; width_tablet=&#8220;100%&#8220; width_phone=&#8220;&#8220; width_last_edited=&#8220;on|desktop&#8220; max_width=&#8220;100%&#8220; max_width_tablet=&#8220;100%&#8220; max_width_phone=&#8220;&#8220; max_width_last_edited=&#8220;on|desktop&#8220; custom_padding=&#8220;0px||0px|&#8220; make_fullwidth=&#8220;on&#8220; global_colors_info=&#8220;{}&#8220;][et_pb_column type=&#8220;1_4&#8243; _builder_version=&#8220;4.16&#8243; custom_padding=&#8220;|||&#8220; global_colors_info=&#8220;{}&#8220; custom_padding__hover=&#8220;|||&#8220;][et_pb_image src=&#8220;http:\/\/testseite.tanzmanagement.net\/wp-content\/uploads\/2020\/06\/Hennermanns-Horde_hoch.jpg&#8220; title_text=&#8220;Hennermanns-Horde_hoch&#8220; show_in_lightbox=&#8220;on&#8220; force_fullwidth=&#8220;on&#8220; align_tablet=&#8220;center&#8220; align_phone=&#8220;&#8220; align_last_edited=&#8220;on|desktop&#8220; _builder_version=&#8220;4.16&#8243; animation_style=&#8220;slide&#8220; animation_direction=&#8220;left&#8220; animation_intensity_slide=&#8220;3%&#8220; animation_starting_opacity=&#8220;100%&#8220; global_colors_info=&#8220;{}&#8220;][\/et_pb_image][\/et_pb_column][et_pb_column type=&#8220;1_4&#8243; _builder_version=&#8220;4.16&#8243; custom_padding=&#8220;|||&#8220; global_colors_info=&#8220;{}&#8220; custom_padding__hover=&#8220;|||&#8220;][et_pb_image src=&#8220;http:\/\/testseite.tanzmanagement.net\/wp-content\/uploads\/2020\/06\/Soavi_hoch.jpg&#8220; title_text=&#8220;Soavi_hoch&#8220; show_in_lightbox=&#8220;on&#8220; force_fullwidth=&#8220;on&#8220; align_tablet=&#8220;center&#8220; align_phone=&#8220;&#8220; align_last_edited=&#8220;on|desktop&#8220; _builder_version=&#8220;4.16&#8243; animation_style=&#8220;slide&#8220; animation_direction=&#8220;bottom&#8220; animation_intensity_slide=&#8220;3%&#8220; animation_starting_opacity=&#8220;100%&#8220; locked=&#8220;off&#8220; global_colors_info=&#8220;{}&#8220;][\/et_pb_image][\/et_pb_column][et_pb_column type=&#8220;1_4&#8243; _builder_version=&#8220;4.16&#8243; custom_padding=&#8220;|||&#8220; global_colors_info=&#8220;{}&#8220; custom_padding__hover=&#8220;|||&#8220;][et_pb_image src=&#8220;https:\/\/tanzmanagement.net\/wp-content\/uploads\/2023\/01\/Tanzmanagement_2023_Ostruschnjak.jpg&#8220; title_text=&#8220;Tanzmanagement_2023_Ostruschnjak&#8220; show_in_lightbox=&#8220;on&#8220; force_fullwidth=&#8220;on&#8220; align_tablet=&#8220;center&#8220; align_phone=&#8220;&#8220; align_last_edited=&#8220;on|desktop&#8220; _builder_version=&#8220;4.19.1&#8243; animation_style=&#8220;slide&#8220; animation_direction=&#8220;right&#8220; animation_intensity_slide=&#8220;3%&#8220; animation_starting_opacity=&#8220;100%&#8220; hover_enabled=&#8220;0&#8243; locked=&#8220;off&#8220; global_colors_info=&#8220;{}&#8220; sticky_enabled=&#8220;0&#8243;][\/et_pb_image][\/et_pb_column][et_pb_column type=&#8220;1_4&#8243; _builder_version=&#8220;4.16&#8243; custom_padding=&#8220;|||&#8220; global_colors_info=&#8220;{}&#8220; custom_padding__hover=&#8220;|||&#8220;][et_pb_image src=&#8220;http:\/\/testseite.tanzmanagement.net\/wp-content\/uploads\/2020\/06\/MischaLorenz_hoch.jpg&#8220; title_text=&#8220;MischaLorenz_hoch&#8220; _builder_version=&#8220;4.16&#8243; global_colors_info=&#8220;{}&#8220;][\/et_pb_image][\/et_pb_column][\/et_pb_row][\/et_pb_section][et_pb_section fb_built=&#8220;1&#8243; _builder_version=&#8220;4.19.1&#8243; use_background_color_gradient=&#8220;on&#8220; background_color_gradient_stops=&#8220;#ffffff 0%|rgba(255,255,255,0.29) 100%&#8220; background_color_gradient_overlays_image=&#8220;on&#8220; background_color_gradient_start=&#8220;#ffffff&#8220; background_color_gradient_end=&#8220;rgba(255,255,255,0.29)&#8220; background_image=&#8220;https:\/\/tanzmanagement.net\/wp-content\/uploads\/2020\/05\/KKM_Hintergrund_WEB.jpg&#8220; max_width=&#8220;100%&#8220; custom_padding=&#8220;99px||0px|||&#8220; global_colors_info=&#8220;{}&#8220; filter_opacity__hover_enabled=&#8220;on|desktop&#8220;][et_pb_row column_structure=&#8220;1_2,1_2&#8243; _builder_version=&#8220;4.16&#8243; width=&#8220;95%&#8220; max_width=&#8220;1200px&#8220; min_height=&#8220;189px&#8220; global_colors_info=&#8220;{}&#8220;][et_pb_column type=&#8220;1_2&#8243; _builder_version=&#8220;4.16&#8243; global_colors_info=&#8220;{}&#8220;][et_pb_image src=&#8220;http:\/\/testseite.tanzmanagement.net\/wp-content\/uploads\/2020\/06\/Management.png&#8220; title_text=&#8220;Management&#8220; _builder_version=&#8220;4.16&#8243; global_colors_info=&#8220;{}&#8220;][\/et_pb_image][et_pb_image src=&#8220;http:\/\/testseite.tanzmanagement.net\/wp-content\/uploads\/2020\/07\/Produktion.png&#8220; title_text=&#8220;Produktion&#8220; _builder_version=&#8220;4.16&#8243; global_colors_info=&#8220;{}&#8220;][\/et_pb_image][\/et_pb_column][et_pb_column type=&#8220;1_2&#8243; _builder_version=&#8220;4.16&#8243; global_colors_info=&#8220;{}&#8220;][et_pb_image src=&#8220;http:\/\/testseite.tanzmanagement.net\/wp-content\/uploads\/2020\/07\/Marketing.png&#8220; title_text=&#8220;Marketing&#8220; _builder_version=&#8220;4.16&#8243; global_colors_info=&#8220;{}&#8220;][\/et_pb_image][et_pb_image src=&#8220;http:\/\/testseite.tanzmanagement.net\/wp-content\/uploads\/2020\/07\/Finanzen.png&#8220; title_text=&#8220;Finanzen&#8220; _builder_version=&#8220;4.16&#8243; global_colors_info=&#8220;{}&#8220;][\/et_pb_image][\/et_pb_column][\/et_pb_row][et_pb_row column_structure=&#8220;2_5,3_5&#8243; _builder_version=&#8220;4.16&#8243; max_width=&#8220;1440px&#8220; custom_margin=&#8220;71px|auto||auto||&#8220; custom_padding=&#8220;||1px|||&#8220; use_custom_width=&#8220;on&#8220; custom_width_px=&#8220;1440px&#8220; global_colors_info=&#8220;{}&#8220;][et_pb_column type=&#8220;2_5&#8243; _builder_version=&#8220;4.16&#8243; custom_padding=&#8220;|||&#8220; global_colors_info=&#8220;{}&#8220; custom_padding__hover=&#8220;|||&#8220;][et_pb_gallery gallery_ids=&#8220;356&#8243; fullwidth=&#8220;on&#8220; _builder_version=&#8220;4.16&#8243; width=&#8220;70%&#8220; module_alignment=&#8220;center&#8220; auto=&#8220;on&#8220; auto_speed=&#8220;3000&#8243; link_option_url=&#8220;https:\/\/www.tanztausch.de&#8220; global_colors_info=&#8220;{}&#8220;][\/et_pb_gallery][\/et_pb_column][et_pb_column type=&#8220;3_5&#8243; _builder_version=&#8220;4.16&#8243; custom_padding=&#8220;|||&#8220; global_colors_info=&#8220;{}&#8220; custom_padding__hover=&#8220;|||&#8220;][et_pb_text admin_label=&#8220;Title&#8220; _builder_version=&#8220;4.16&#8243; text_font=&#8220;Quattrocento||||||||&#8220; text_font_size=&#8220;18px&#8220; text_line_height=&#8220;2.2em&#8220; header_font=&#8220;Quattrocento|||on|||||&#8220; header_font_size=&#8220;80px&#8220; header_letter_spacing=&#8220;6px&#8220; header_line_height=&#8220;1.4em&#8220; module_alignment=&#8220;left&#8220; custom_margin=&#8220;-9px||48px|||&#8220; animation_style=&#8220;slide&#8220; animation_direction=&#8220;top&#8220; animation_intensity_slide=&#8220;3%&#8220; animation_starting_opacity=&#8220;100%&#8220; header_font_size_tablet=&#8220;40px&#8220; header_font_size_phone=&#8220;&#8220; header_font_size_last_edited=&#8220;on|tablet&#8220; global_colors_info=&#8220;{}&#8220;]<\/p>\n<p style=\"text-align: justify;\">Im Fr\u00fchjahr 2018 haben drei KulturProduzentInnen aus NRW \u2013 B\u00e9la Bisom (Bonn\/K\u00f6ln), Alexandra Schmidt (D\u00fcsseldorf) und Mechtild Tellmann (K\u00f6ln) \u2013 unter dem Lable 6sterne produktion eine gemeinsame KulturProduzentInnen-Plattform im Bereich Darstellende und Bildende Kunst gegr\u00fcndet.<\/p>\n<p style=\"text-align: justify;\">Gemeinsam verfolgen sie das Ziel, durch die Arbeit in den unterschiedlichsten Bereichen f\u00fcr K\u00fcnstler und Compagnien die \u2013 organisatorische und b\u00fcrokratischen \u2013 Freir\u00e4ume zu schaffen, die sie f\u00fcr die Realisierung und Pr\u00e4sentation ihrer k\u00fcnstlerischen Arbeit ben\u00f6tigen.<br \/> Jahrelange Erfahrung und Expertise in den unterschiedlichsten Feldern erm\u00f6glichen es, die \u2013 inzwischen inflation\u00e4r benutzten Schlagw\u00f6rter \u2013 Kompetenzb\u00fcndelung und Nutzung von Synergieeffekten nicht nur anzustreben, sondern auch real umzusetzen.<br \/> Ein besonderer Schwerpunkt des Lables liegt in der Unterst\u00fctzung junger K\u00fcnstlerInnen und NachwuchskulturproduzentInnen.<\/p>\n<p>[\/et_pb_text][\/et_pb_column][\/et_pb_row][\/et_pb_section]<\/p>\n","protected":false},"excerpt":{"rendered":"<p>Im Fr\u00fchjahr 2018 haben drei KulturProduzentInnen aus NRW \u2013 B\u00e9la Bisom (Bonn\/K\u00f6ln), Alexandra Schmidt (D\u00fcsseldorf) und Mechtild Tellmann (K\u00f6ln) \u2013 unter dem Lable 6sterne produktion eine gemeinsame KulturProduzentInnen-Plattform im Bereich Darstellende und Bildende Kunst gegr\u00fcndet. Gemeinsam verfolgen sie das Ziel, durch die Arbeit in den unterschiedlichsten Bereichen f\u00fcr K\u00fcnstler und Compagnien die \u2013 organisatorische und [&hellip;]<\/p>\n","protected":false},"author":1,"featured_media":0,"parent":0,"menu_order":0,"comment_status":"closed","ping_status":"closed","template":"","meta":{"_et_pb_use_builder":"on","_et_pb_old_content":"","_et_gb_content_width":"","footnotes":""},"_links":{"self":[{"href":"https:\/\/tanzmanagement.net\/index.php?rest_route=\/wp\/v2\/pages\/350"}],"collection":[{"href":"https:\/\/tanzmanagement.net\/index.php?rest_route=\/wp\/v2\/pages"}],"about":[{"href":"https:\/\/tanzmanagement.net\/index.php?rest_route=\/wp\/v2\/types\/page"}],"author":[{"embeddable":true,"href":"https:\/\/tanzmanagement.net\/index.php?rest_route=\/wp\/v2\/users\/1"}],"replies":[{"embeddable":true,"href":"https:\/\/tanzmanagement.net\/index.php?rest_route=%2Fwp%2Fv2%2Fcomments&post=350"}],"version-history":[{"count":19,"href":"https:\/\/tanzmanagement.net\/index.php?rest_route=\/wp\/v2\/pages\/350\/revisions"}],"predecessor-version":[{"id":668,"href":"https:\/\/tanzmanagement.net\/index.php?rest_route=\/wp\/v2\/pages\/350\/revisions\/668"}],"wp:attachment":[{"href":"https:\/\/tanzmanagement.net\/index.php?rest_route=%2Fwp%2Fv2%2Fmedia&parent=350"}],"curies":[{"name":"wp","href":"https:\/\/api.w.org\/{rel}","templated":true}]}}